{"id":2692,"date":"2025-06-10T06:54:46","date_gmt":"2025-06-10T06:54:46","guid":{"rendered":"https:\/\/www.signumvarainhoito.fi\/?page_id=2692"},"modified":"2026-03-04T11:19:34","modified_gmt":"2026-03-04T11:19:34","slug":"insights","status":"publish","type":"page","link":"https:\/\/www.signumvarainhoito.fi\/en\/ajankohtaista\/","title":{"rendered":"INSIGHTS"},"content":{"rendered":"<div data-elementor-type=\"wp-page\" data-elementor-id=\"2692\" class=\"elementor elementor-2692\">\n\t\t\t\t\t\t<section class=\"elementor-section elementor-top-section elementor-element elementor-element-36e7db5 elementor-section-height-min-height elementor-section-items-top elementor-section-boxed elementor-section-height-default\" data-id=\"36e7db5\" data-element_type=\"section\" data-e-type=\"section\" data-settings=\"{&quot;background_background&quot;:&quot;classic&quot;}\">\n\t\t\t\t\t\t<div class=\"elementor-container elementor-column-gap-default\">\n\t\t\t\t\t<div class=\"elementor-column elementor-col-100 elementor-top-column elementor-element elementor-element-f27a3ae\" data-id=\"f27a3ae\" data-element_type=\"column\" data-e-type=\"column\">\n\t\t\t<div class=\"elementor-widget-wrap\">\n\t\t\t\t\t\t\t<\/div>\n\t\t<\/div>\n\t\t\t\t\t<\/div>\n\t\t<\/section>\n\t\t\t\t<section class=\"elementor-section elementor-top-section elementor-element elementor-element-cda3a84 elementor-section-boxed elementor-section-height-default elementor-section-height-default\" data-id=\"cda3a84\" data-element_type=\"section\" data-e-type=\"section\">\n\t\t\t\t\t\t<div class=\"elementor-container elementor-column-gap-default\">\n\t\t\t\t\t<div class=\"elementor-column elementor-col-100 elementor-top-column elementor-element elementor-element-f1ac6c4\" data-id=\"f1ac6c4\" data-element_type=\"column\" data-e-type=\"column\">\n\t\t\t<div class=\"elementor-widget-wrap elementor-element-populated\">\n\t\t\t\t\t\t<div class=\"elementor-element elementor-element-dbef11c elementor-widget elementor-widget-heading\" data-id=\"dbef11c\" data-element_type=\"widget\" data-e-type=\"widget\" data-widget_type=\"heading.default\">\n\t\t\t\t<div class=\"elementor-widget-container\">\n\t\t\t\t\t<h2 class=\"elementor-heading-title elementor-size-default\">INSIGHTS<\/h2>\t\t\t\t<\/div>\n\t\t\t\t<\/div>\n\t\t\t\t<div class=\"elementor-element elementor-element-85da7b4 elementor-widget-divider--view-line elementor-widget elementor-widget-divider\" data-id=\"85da7b4\" data-element_type=\"widget\" data-e-type=\"widget\" data-widget_type=\"divider.default\">\n\t\t\t\t<div class=\"elementor-widget-container\">\n\t\t\t\t\t\t\t<div class=\"elementor-divider\">\n\t\t\t<span class=\"elementor-divider-separator\">\n\t\t\t\t\t\t<\/span>\n\t\t<\/div>\n\t\t\t\t\t\t<\/div>\n\t\t\t\t<\/div>\n\t\t\t\t\t<\/div>\n\t\t<\/div>\n\t\t\t\t\t<\/div>\n\t\t<\/section>\n\t\t<div class=\"elementor-element elementor-element-aa9a4c0 e-flex e-con-boxed e-con e-parent\" data-id=\"aa9a4c0\" data-element_type=\"container\" data-e-type=\"container\">\n\t\t\t\t\t<div class=\"e-con-inner\">\n\t\t\t\t<div class=\"elementor-element elementor-element-fcb0965 elementor-grid-eael-col-3 elementor-widget__width-initial elementor-grid-tablet-eael-col-2 elementor-grid-mobile-eael-col-1 elementor-widget elementor-widget-eael-post-grid\" data-id=\"fcb0965\" data-element_type=\"widget\" data-e-type=\"widget\" data-settings=\"{&quot;eael_post_grid_columns&quot;:&quot;eael-col-3&quot;,&quot;eael_post_grid_columns_tablet&quot;:&quot;eael-col-2&quot;,&quot;eael_post_grid_columns_mobile&quot;:&quot;eael-col-1&quot;}\" data-widget_type=\"eael-post-grid.default\">\n\t\t\t\t<div class=\"elementor-widget-container\">\n\t\t\t\t\t<div id=\"eael-post-grid-fcb0965\" class=\"eael-post-grid-container\">\n            <div class=\"eael-post-grid eael-post-appender eael-post-appender-fcb0965 eael-post-grid-style-one\" data-layout-mode=\"grid\"><article class=\"eael-grid-post  eael-post-grid-column eael-pg-post-3944 category-uncategorized\" data-id=\"3944\">\n        <div class=\"eael-grid-post-holder\">\n            <div class=\"eael-grid-post-holder-inner\"><div class=\"eael-entry-wrapper\"><header class=\"eael-entry-header\"><h2 class=\"eael-entry-title\"><a class=\"eael-grid-post-link\" href=\"https:\/\/www.signumvarainhoito.fi\/en\/signum-ms-ih-mukaan-hedgenordic-indeksiin\/\" title=\"ARTICLE: Signum Monetary Systems &amp; Inflation Hedge Added to Hedgenordic Index\">ARTICLE: Signum Monetary Systems &amp; Inflation Hedge Added to Hedgenordic Index<\/a><\/h2><\/header><div class=\"eael-entry-content\">\n                        <div class=\"eael-grid-post-excerpt\"><p>The esteemed Nordic site that tracks hedge fund development and returns, HedgeNordic, added the Signum MS &amp; IH special investment fund to the HedgeNordic index in November 2025: the main index and two sub-indices, the Finnish hedge fund index...<\/p><a href=\"https:\/\/www.signumvarainhoito.fi\/en\/signum-ms-ih-mukaan-hedgenordic-indeksiin\/\" class=\"eael-post-elements-readmore-btn\">READ MORE<\/a><\/div>\n                    <\/div><div class=\"eael-entry-footer\"><div class=\"eael-entry-meta\"><span class=\"eael-posted-by\"><a href=\"https:\/\/www.signumvarainhoito.fi\/en\/author\/signum-varainhoito-oy\/\" title=\"Posts by Signum Varainhoito Oy\" rel=\"author\">Signum Varainhoito Oy<\/a><\/span><span class=\"eael-posted-on\"><time datetime=\"December 11, 2025\">December 11, 2025<\/time><\/span><\/div><\/div><\/div><\/div>\n        <\/div>\n    <\/article><article class=\"eael-grid-post  eael-post-grid-column eael-pg-post-3572 category-uncategorized\" data-id=\"3572\">\n        <div class=\"eael-grid-post-holder\">\n            <div class=\"eael-grid-post-holder-inner\"><div class=\"eael-entry-wrapper\"><header class=\"eael-entry-header\"><h2 class=\"eael-entry-title\"><a class=\"eael-grid-post-link\" href=\"https:\/\/www.signumvarainhoito.fi\/en\/signum-rahastojen-ensimmainen-vuosi-2\/\" title=\"SIGNUM FUNDS&#039; FIRST YEAR\">SIGNUM FUNDS' FIRST YEAR<\/a><\/h2><\/header><div class=\"eael-entry-content\">\n                        <div class=\"eael-grid-post-excerpt\"><p>Signum alternative investment funds (AIFs) launched on 30 September 2024. By the end of September 2025, the funds had completed their first full year of operations: Signum FT &amp; DA generated a return of 64.2%, while Signum MS &amp; IH...<\/p><a href=\"https:\/\/www.signumvarainhoito.fi\/en\/signum-rahastojen-ensimmainen-vuosi-2\/\" class=\"eael-post-elements-readmore-btn\">READ MORE<\/a><\/div>\n                    <\/div><div class=\"eael-entry-footer\"><div class=\"eael-entry-meta\"><span class=\"eael-posted-by\"><a href=\"https:\/\/www.signumvarainhoito.fi\/en\/author\/ari-aaltonen\/\" title=\"Posts by Ari Aaltonen\" rel=\"author\">Ari Aaltonen<\/a><\/span><span class=\"eael-posted-on\"><time datetime=\"October 17, 2025\">October 17, 2025<\/time><\/span><\/div><\/div><\/div><\/div>\n        <\/div>\n    <\/article><article class=\"eael-grid-post  eael-post-grid-column eael-pg-post-2628 category-uncategorized\" data-id=\"2628\">\n        <div class=\"eael-grid-post-holder\">\n            <div class=\"eael-grid-post-holder-inner\"><div class=\"eael-entry-wrapper\"><header class=\"eael-entry-header\"><h2 class=\"eael-entry-title\"><a class=\"eael-grid-post-link\" href=\"https:\/\/www.signumvarainhoito.fi\/en\/signum-rahastojen-ensimmaiset-kahdeksan-kuukautta\/\" title=\"SIGNUM FUNDS&#039; FIRST EIGHT MONTHS\">SIGNUM FUNDS' FIRST EIGHT MONTHS<\/a><\/h2><\/header><div class=\"eael-entry-content\">\n                        <div class=\"eael-grid-post-excerpt\"><p>Signum alternative investment funds (AIFs) launched at the end of September 2024. As of May 2025, the funds have been operational for eight months. This article reviews the performance of the Signum funds in the investment markets during this eight-month period...<\/p><a href=\"https:\/\/www.signumvarainhoito.fi\/en\/signum-rahastojen-ensimmaiset-kahdeksan-kuukautta\/\" class=\"eael-post-elements-readmore-btn\">READ MORE<\/a><\/div>\n                    <\/div><div class=\"eael-entry-footer\"><div class=\"eael-entry-meta\"><span class=\"eael-posted-by\"><a href=\"https:\/\/www.signumvarainhoito.fi\/en\/author\/ari-aaltonen\/\" title=\"Posts by Ari Aaltonen\" rel=\"author\">Ari Aaltonen<\/a><\/span><span class=\"eael-posted-on\"><time datetime=\"June 9, 2025\">June 9, 2025<\/time><\/span><\/div><\/div><\/div><\/div>\n        <\/div>\n    <\/article><article class=\"eael-grid-post  eael-post-grid-column eael-pg-post-3239 category-uncategorized\" data-id=\"3239\">\n        <div class=\"eael-grid-post-holder\">\n            <div class=\"eael-grid-post-holder-inner\"><div class=\"eael-entry-wrapper\"><header class=\"eael-entry-header\"><h2 class=\"eael-entry-title\"><a class=\"eael-grid-post-link\" href=\"https:\/\/www.signumvarainhoito.fi\/en\/signum-kauppalehdessa-1-12-2024\/\" title=\"SIGNUM IN KAUPPALEHTI \u2013 DECEMBER 2, 2024\">SIGNUM IN KAUPPALEHTI \u2013 2 DECEMBER 2024<\/a><\/h2><\/header><div class=\"eael-entry-content\">\n                        <div class=\"eael-grid-post-excerpt\"><p>This asset manager views Bitcoin as the winners' play: \"Like gold.\" A new asset management firm based in the Helsinki Stock Exchange Building is preparing for inflation and the erosion of fiat currencies. Consequently, the firm places significant strategic weight on Bitcoin. \"We offer...<\/p><a href=\"https:\/\/www.signumvarainhoito.fi\/en\/signum-kauppalehdessa-1-12-2024\/\" class=\"eael-post-elements-readmore-btn\">READ MORE<\/a><\/div>\n                    <\/div><div class=\"eael-entry-footer\"><div class=\"eael-entry-meta\"><span class=\"eael-posted-by\"><a href=\"https:\/\/www.signumvarainhoito.fi\/en\/author\/signum-varainhoito-oy\/\" title=\"Posts by Signum Varainhoito Oy\" rel=\"author\">Signum Varainhoito Oy<\/a><\/span><span class=\"eael-posted-on\"><time datetime=\"December 2, 2024\">December 2, 2024<\/time><\/span><\/div><\/div><\/div><\/div>\n        <\/div>\n    <\/article><\/div>\n            <div class=\"clearfix\"><\/div>\n        <\/div>\t\t\t\t<\/div>\n\t\t\t\t<\/div>\n\t\t\t\t\t<\/div>\n\t\t\t\t<\/div>\n\t\t<div class=\"elementor-element elementor-element-7123189 e-flex e-con-boxed e-con e-parent\" data-id=\"7123189\" data-element_type=\"container\" data-e-type=\"container\">\n\t\t\t\t\t<div class=\"e-con-inner\">\n\t\t\t\t<div class=\"elementor-element elementor-element-aeec45e elementor-widget-divider--view-line elementor-widget elementor-widget-divider\" data-id=\"aeec45e\" data-element_type=\"widget\" data-e-type=\"widget\" data-widget_type=\"divider.default\">\n\t\t\t\t<div class=\"elementor-widget-container\">\n\t\t\t\t\t\t\t<div class=\"elementor-divider\">\n\t\t\t<span class=\"elementor-divider-separator\">\n\t\t\t\t\t\t<\/span>\n\t\t<\/div>\n\t\t\t\t\t\t<\/div>\n\t\t\t\t<\/div>\n\t\t\t\t\t<\/div>\n\t\t\t\t<\/div>\n\t\t<div class=\"elementor-element elementor-element-d47abe3 e-flex e-con-boxed e-con e-parent\" data-id=\"d47abe3\" data-element_type=\"container\" data-e-type=\"container\">\n\t\t\t\t\t<div class=\"e-con-inner\">\n\t\t\t\t<div class=\"elementor-element elementor-element-30ae476 elementor-align-justify elementor-mobile-align-justify elementor-widget-mobile__width-initial elementor-widget__width-initial elementor-widget-tablet__width-initial elementor-widget elementor-widget-button\" data-id=\"30ae476\" data-element_type=\"widget\" data-e-type=\"widget\" data-widget_type=\"button.default\">\n\t\t\t\t<div class=\"elementor-widget-container\">\n\t\t\t\t\t\t\t\t\t<div class=\"elementor-button-wrapper\">\n\t\t\t\t\t<a class=\"elementor-button elementor-button-link elementor-size-md\" href=\"https:\/\/www.signumvarainhoito.fi\/en\/\">\n\t\t\t\t\t\t<span class=\"elementor-button-content-wrapper\">\n\t\t\t\t\t\t\t\t\t<span class=\"elementor-button-text\">HOME<\/span>\n\t\t\t\t\t<\/span>\n\t\t\t\t\t<\/a>\n\t\t\t\t<\/div>\n\t\t\t\t\t\t\t\t<\/div>\n\t\t\t\t<\/div>\n\t\t\t\t<div class=\"elementor-element elementor-element-34960e7 elementor-align-center elementor-mobile-align-justify elementor-widget-mobile__width-initial elementor-tablet-align-justify elementor-widget-tablet__width-initial elementor-widget elementor-widget-button\" data-id=\"34960e7\" data-element_type=\"widget\" data-e-type=\"widget\" data-widget_type=\"button.default\">\n\t\t\t\t<div class=\"elementor-widget-container\">\n\t\t\t\t\t\t\t\t\t<div class=\"elementor-button-wrapper\">\n\t\t\t\t\t<a class=\"elementor-button elementor-button-link elementor-size-md\" href=\"https:\/\/www.signumvarainhoito.fi\/en\/funds\/\">\n\t\t\t\t\t\t<span class=\"elementor-button-content-wrapper\">\n\t\t\t\t\t\t\t\t\t<span class=\"elementor-button-text\">FUNDS<\/span>\n\t\t\t\t\t<\/span>\n\t\t\t\t\t<\/a>\n\t\t\t\t<\/div>\n\t\t\t\t\t\t\t\t<\/div>\n\t\t\t\t<\/div>\n\t\t\t\t<div class=\"elementor-element elementor-element-d026325 elementor-align-center elementor-tablet-align-justify elementor-widget-tablet__width-initial elementor-widget elementor-widget-button\" data-id=\"d026325\" data-element_type=\"widget\" data-e-type=\"widget\" data-widget_type=\"button.default\">\n\t\t\t\t<div class=\"elementor-widget-container\">\n\t\t\t\t\t\t\t\t\t<div class=\"elementor-button-wrapper\">\n\t\t\t\t\t<a class=\"elementor-button elementor-button-link elementor-size-md\" href=\"https:\/\/www.signumvarainhoito.fi\/en\/contact\/\">\n\t\t\t\t\t\t<span class=\"elementor-button-content-wrapper\">\n\t\t\t\t\t\t\t\t\t<span class=\"elementor-button-text\">CONTACT US<\/span>\n\t\t\t\t\t<\/span>\n\t\t\t\t\t<\/a>\n\t\t\t\t<\/div>\n\t\t\t\t\t\t\t\t<\/div>\n\t\t\t\t<\/div>\n\t\t\t\t\t<\/div>\n\t\t\t\t<\/div>\n\t\t\t\t<\/div>","protected":false},"excerpt":{"rendered":"<p>AJANKOHTAISTA ARTIKKELI: SIGNUM MONETARY SYSTEMS &amp; INFLATION HEDGE MUKAAN HEDGENORDIC INDEKSIIN Arvostettu, pohjoismainen hedgerahastojen kehityst\u00e4 ja tuottoja seuraava sivusto, HedgeNordic liitti Signum MS &amp; IH erikoissijoitusrahaston Hedgenordic indeksiin marraskuussa 2025: P\u00e4\u00e4indeksiin ja kahteen alaindeksiin, suomalaisten hedgerahastojen indeksiin&#8230; LUE LIS\u00c4\u00c4 Signum Varainhoito Oy11 joulukuun, 2025 SIGNUM RAHASTOJEN ENSIMM\u00c4INEN VUOSI Signum erikoissijoitusrahastot aloittivat toimintansa 30.9.2024, joten syyskuun&hellip;&nbsp;<a href=\"https:\/\/www.signumvarainhoito.fi\/en\/signum-kauppalehdessa-1-12-2024\/\" rel=\"bookmark\">Read More &raquo;<span class=\"screen-reader-text\">SIGNUM IN KAUPPALEHTI \u2013 2 DECEMBER 2024<\/span><\/a><\/p>","protected":false},"author":1,"featured_media":0,"parent":0,"menu_order":0,"comment_status":"closed","ping_status":"closed","template":"elementor_header_footer","meta":{"neve_meta_sidebar":"","neve_meta_container":"","neve_meta_enable_content_width":"","neve_meta_content_width":0,"neve_meta_title_alignment":"","neve_meta_author_avatar":"","neve_post_elements_order":"","neve_meta_disable_header":"","neve_meta_disable_footer":"","neve_meta_disable_title":"","footnotes":""},"class_list":["post-2692","page","type-page","status-publish","hentry"],"aioseo_notices":[],"_links":{"self":[{"href":"https:\/\/www.signumvarainhoito.fi\/en\/wp-json\/wp\/v2\/pages\/2692","targetHints":{"allow":["GET"]}}],"collection":[{"href":"https:\/\/www.signumvarainhoito.fi\/en\/wp-json\/wp\/v2\/pages"}],"about":[{"href":"https:\/\/www.signumvarainhoito.fi\/en\/wp-json\/wp\/v2\/types\/page"}],"author":[{"embeddable":true,"href":"https:\/\/www.signumvarainhoito.fi\/en\/wp-json\/wp\/v2\/users\/1"}],"replies":[{"embeddable":true,"href":"https:\/\/www.signumvarainhoito.fi\/en\/wp-json\/wp\/v2\/comments?post=2692"}],"version-history":[{"count":55,"href":"https:\/\/www.signumvarainhoito.fi\/en\/wp-json\/wp\/v2\/pages\/2692\/revisions"}],"predecessor-version":[{"id":6805,"href":"https:\/\/www.signumvarainhoito.fi\/en\/wp-json\/wp\/v2\/pages\/2692\/revisions\/6805"}],"wp:attachment":[{"href":"https:\/\/www.signumvarainhoito.fi\/en\/wp-json\/wp\/v2\/media?parent=2692"}],"curies":[{"name":"wp","href":"https:\/\/api.w.org\/{rel}","templated":true}]}}