{"id":43,"date":"2022-08-17T13:21:25","date_gmt":"2022-08-17T13:21:25","guid":{"rendered":"https:\/\/www.signumvarainhoito.fi\/?page_id=43"},"modified":"2025-06-10T06:39:16","modified_gmt":"2025-06-10T06:39:16","slug":"clients","status":"publish","type":"page","link":"https:\/\/www.signumvarainhoito.fi\/en\/asiakkuus\/","title":{"rendered":"Customer relationship"},"content":{"rendered":"\t\t<div data-elementor-type=\"wp-page\" data-elementor-id=\"43\" class=\"elementor elementor-43\">\n\t\t\t\t\t\t<section class=\"elementor-section elementor-top-section elementor-element elementor-element-a19f30e elementor-section-height-min-height elementor-section-items-top elementor-section-boxed elementor-section-height-default\" data-id=\"a19f30e\" data-element_type=\"section\" data-e-type=\"section\" data-settings=\"{&quot;background_background&quot;:&quot;slideshow&quot;,&quot;background_slideshow_gallery&quot;:[{&quot;id&quot;:469,&quot;url&quot;:&quot;https:\\\/\\\/www.signumvarainhoito.fi\\\/wp-content\\\/uploads\\\/2022\\\/09\\\/IMG_2411-scaled.jpg&quot;}],&quot;background_slideshow_loop&quot;:&quot;yes&quot;,&quot;background_slideshow_slide_duration&quot;:5000,&quot;background_slideshow_slide_transition&quot;:&quot;fade&quot;,&quot;background_slideshow_transition_duration&quot;:500}\">\n\t\t\t\t\t\t<div class=\"elementor-container elementor-column-gap-default\">\n\t\t\t\t\t<div class=\"elementor-column elementor-col-100 elementor-top-column elementor-element elementor-element-8b4e51f\" data-id=\"8b4e51f\" data-element_type=\"column\" data-e-type=\"column\">\n\t\t\t<div class=\"elementor-widget-wrap\">\n\t\t\t\t\t\t\t<\/div>\n\t\t<\/div>\n\t\t\t\t\t<\/div>\n\t\t<\/section>\n\t\t\t\t<section class=\"elementor-section elementor-top-section elementor-element elementor-element-5677480 elementor-section-boxed elementor-section-height-default elementor-section-height-default\" data-id=\"5677480\" data-element_type=\"section\" data-e-type=\"section\" data-settings=\"{&quot;background_background&quot;:&quot;classic&quot;}\">\n\t\t\t\t\t\t<div class=\"elementor-container elementor-column-gap-default\">\n\t\t\t\t\t<div class=\"elementor-column elementor-col-100 elementor-top-column elementor-element elementor-element-dfbdb79\" data-id=\"dfbdb79\" data-element_type=\"column\" data-e-type=\"column\">\n\t\t\t<div class=\"elementor-widget-wrap elementor-element-populated\">\n\t\t\t\t\t\t<div class=\"elementor-element elementor-element-b875f74 elementor-widget elementor-widget-heading\" data-id=\"b875f74\" data-element_type=\"widget\" data-e-type=\"widget\" data-widget_type=\"heading.default\">\n\t\t\t\t<div class=\"elementor-widget-container\">\n\t\t\t\t\t<h2 class=\"elementor-heading-title elementor-size-default\">ASIAKKUUDEN AVAUS<\/h2>\t\t\t\t<\/div>\n\t\t\t\t<\/div>\n\t\t\t\t<section class=\"elementor-section elementor-inner-section elementor-element elementor-element-5e7e93d elementor-section-boxed elementor-section-height-default elementor-section-height-default\" data-id=\"5e7e93d\" data-element_type=\"section\" data-e-type=\"section\">\n\t\t\t\t\t\t<div class=\"elementor-container elementor-column-gap-default\">\n\t\t\t\t\t<div class=\"elementor-column elementor-col-50 elementor-inner-column elementor-element elementor-element-964f27a\" data-id=\"964f27a\" data-element_type=\"column\" data-e-type=\"column\">\n\t\t\t<div class=\"elementor-widget-wrap elementor-element-populated\">\n\t\t\t\t\t\t<div class=\"elementor-element elementor-element-47c1513 elementor-align-center elementor-widget elementor-widget-button\" data-id=\"47c1513\" data-element_type=\"widget\" data-e-type=\"widget\" data-widget_type=\"button.default\">\n\t\t\t\t<div class=\"elementor-widget-container\">\n\t\t\t\t\t\t\t\t\t<div class=\"elementor-button-wrapper\">\n\t\t\t\t\t<a class=\"elementor-button elementor-button-link elementor-size-md\" href=\"https:\/\/www.vismasignforms.com\/form\/5a9d8dfe-d124-4fa6-9051-5d6f0b39f3d3\">\n\t\t\t\t\t\t<span class=\"elementor-button-content-wrapper\">\n\t\t\t\t\t\t\t\t\t<span class=\"elementor-button-text\">HENKIL\u00d6ASIAKAS<\/span>\n\t\t\t\t\t<\/span>\n\t\t\t\t\t<\/a>\n\t\t\t\t<\/div>\n\t\t\t\t\t\t\t\t<\/div>\n\t\t\t\t<\/div>\n\t\t\t\t\t<\/div>\n\t\t<\/div>\n\t\t\t\t<div class=\"elementor-column elementor-col-50 elementor-inner-column elementor-element elementor-element-e1d2398\" data-id=\"e1d2398\" data-element_type=\"column\" data-e-type=\"column\">\n\t\t\t<div class=\"elementor-widget-wrap elementor-element-populated\">\n\t\t\t\t\t\t<div class=\"elementor-element elementor-element-8fbf9c3 elementor-align-center elementor-widget elementor-widget-button\" data-id=\"8fbf9c3\" data-element_type=\"widget\" data-e-type=\"widget\" data-widget_type=\"button.default\">\n\t\t\t\t<div class=\"elementor-widget-container\">\n\t\t\t\t\t\t\t\t\t<div class=\"elementor-button-wrapper\">\n\t\t\t\t\t<a class=\"elementor-button elementor-button-link elementor-size-md\" href=\"https:\/\/www.vismasignforms.com\/form\/6de0814f-ef11-4f49-a80f-3d0ef2837609\">\n\t\t\t\t\t\t<span class=\"elementor-button-content-wrapper\">\n\t\t\t\t\t\t\t\t\t<span class=\"elementor-button-text\">YHTEIS\u00d6ASIAKAS<\/span>\n\t\t\t\t\t<\/span>\n\t\t\t\t\t<\/a>\n\t\t\t\t<\/div>\n\t\t\t\t\t\t\t\t<\/div>\n\t\t\t\t<\/div>\n\t\t\t\t\t<\/div>\n\t\t<\/div>\n\t\t\t\t\t<\/div>\n\t\t<\/section>\n\t\t\t\t<div class=\"elementor-element elementor-element-4db1f38 elementor-widget-divider--view-line elementor-widget elementor-widget-divider\" data-id=\"4db1f38\" data-element_type=\"widget\" data-e-type=\"widget\" data-widget_type=\"divider.default\">\n\t\t\t\t<div class=\"elementor-widget-container\">\n\t\t\t\t\t\t\t<div class=\"elementor-divider\">\n\t\t\t<span class=\"elementor-divider-separator\">\n\t\t\t\t\t\t<\/span>\n\t\t<\/div>\n\t\t\t\t\t\t<\/div>\n\t\t\t\t<\/div>\n\t\t\t\t\t<\/div>\n\t\t<\/div>\n\t\t\t\t\t<\/div>\n\t\t<\/section>\n\t\t\t\t<section class=\"elementor-section elementor-top-section elementor-element elementor-element-1cade4e elementor-section-boxed elementor-section-height-default elementor-section-height-default\" data-id=\"1cade4e\" data-element_type=\"section\" data-e-type=\"section\">\n\t\t\t\t\t\t<div class=\"elementor-container elementor-column-gap-default\">\n\t\t\t\t\t<div class=\"elementor-column elementor-col-100 elementor-top-column elementor-element elementor-element-b8176d9\" data-id=\"b8176d9\" data-element_type=\"column\" data-e-type=\"column\">\n\t\t\t<div class=\"elementor-widget-wrap elementor-element-populated\">\n\t\t\t\t\t\t<div class=\"elementor-element elementor-element-f172944 elementor-widget elementor-widget-heading\" data-id=\"f172944\" data-element_type=\"widget\" data-e-type=\"widget\" data-widget_type=\"heading.default\">\n\t\t\t\t<div class=\"elementor-widget-container\">\n\t\t\t\t\t<h2 class=\"elementor-heading-title elementor-size-default\">ASIAKKUUS<\/h2>\t\t\t\t<\/div>\n\t\t\t\t<\/div>\n\t\t\t\t<div class=\"elementor-element elementor-element-12718ed elementor-widget elementor-widget-text-editor\" data-id=\"12718ed\" data-element_type=\"widget\" data-e-type=\"widget\" data-widget_type=\"text-editor.default\">\n\t\t\t\t<div class=\"elementor-widget-container\">\n\t\t\t\t\t\t\t\t\t<p>Signum Varainhoito Oy palvelee varakkaita yksityishenkil\u00f6it\u00e4, perheyhti\u00f6it\u00e4, sijoitus- ja holdingyhti\u00f6t\u00e4 sek\u00e4 yhteis\u00f6j\u00e4, joilla on merkitt\u00e4v\u00e4 sijoitusvarallisuus. Olemme erikoistunut toimija, joka keskittyy kasvattamaan asiakkaiden varallisuutta tuomalla kaksi t\u00e4ysin uudenlaista sijoitusstrategiaa suomalaisten sijoittajien vaihtoehdoksi. Joko t\u00e4ydent\u00e4m\u00e4\u00e4n nykyist\u00e4 sijoitussalkkua uudella modernilla sijoitusteemalla tai tarjoamalla aidosti poikkeavan varainhoitostrategian verrattuna perinteisen varainhoitotoimialan tarjontaan.\u00a0<\/p>\t\t\t\t\t\t\t\t<\/div>\n\t\t\t\t<\/div>\n\t\t\t\t\t<\/div>\n\t\t<\/div>\n\t\t\t\t\t<\/div>\n\t\t<\/section>\n\t\t\t\t<\/div>\n\t\t","protected":false},"excerpt":{"rendered":"<p>ACCOUNT OPENING INDIVIDUAL CLIENT COMMUNITY CLIENT CLIENT Signum Varainhoito Oy serves affluent private individuals, family companies, investment and holding companies, and organizations with significant investment assets. We are a specialized operator focused on growing our clients' wealth by offering two entirely new investment strategies as options for Finnish investors. These strategies either supplement an existing investment portfolio with a new, modern investment theme or provide a truly different wealth management strategy compared to the offerings of the traditional wealth management industry.\u00a0<\/p>","protected":false},"author":1,"featured_media":0,"parent":0,"menu_order":2,"comment_status":"closed","ping_status":"closed","template":"page-templates\/template-pagebuilder-full-width.php","meta":{"neve_meta_sidebar":"","neve_meta_container":"","neve_meta_enable_content_width":"","neve_meta_content_width":0,"neve_meta_title_alignment":"","neve_meta_author_avatar":"","neve_post_elements_order":"","neve_meta_disable_header":"","neve_meta_disable_footer":"","neve_meta_disable_title":"on","footnotes":""},"class_list":["post-43","page","type-page","status-publish","hentry"],"aioseo_notices":[],"_links":{"self":[{"href":"https:\/\/www.signumvarainhoito.fi\/en\/wp-json\/wp\/v2\/pages\/43","targetHints":{"allow":["GET"]}}],"collection":[{"href":"https:\/\/www.signumvarainhoito.fi\/en\/wp-json\/wp\/v2\/pages"}],"about":[{"href":"https:\/\/www.signumvarainhoito.fi\/en\/wp-json\/wp\/v2\/types\/page"}],"author":[{"embeddable":true,"href":"https:\/\/www.signumvarainhoito.fi\/en\/wp-json\/wp\/v2\/users\/1"}],"replies":[{"embeddable":true,"href":"https:\/\/www.signumvarainhoito.fi\/en\/wp-json\/wp\/v2\/comments?post=43"}],"version-history":[{"count":227,"href":"https:\/\/www.signumvarainhoito.fi\/en\/wp-json\/wp\/v2\/pages\/43\/revisions"}],"predecessor-version":[{"id":2688,"href":"https:\/\/www.signumvarainhoito.fi\/en\/wp-json\/wp\/v2\/pages\/43\/revisions\/2688"}],"wp:attachment":[{"href":"https:\/\/www.signumvarainhoito.fi\/en\/wp-json\/wp\/v2\/media?parent=43"}],"curies":[{"name":"wp","href":"https:\/\/api.w.org\/{rel}","templated":true}]}}