{"id":62,"date":"2022-08-17T13:35:51","date_gmt":"2022-08-17T13:35:51","guid":{"rendered":"https:\/\/www.signumvarainhoito.fi\/?page_id=62"},"modified":"2026-04-20T07:32:34","modified_gmt":"2026-04-20T07:32:34","slug":"funds","status":"publish","type":"page","link":"https:\/\/www.signumvarainhoito.fi\/en\/rahastot\/","title":{"rendered":"Funds"},"content":{"rendered":"\t\t<div data-elementor-type=\"wp-page\" data-elementor-id=\"62\" class=\"elementor elementor-62\">\n\t\t\t\t\t\t<section class=\"elementor-section elementor-top-section elementor-element elementor-element-76bca4a elementor-section-height-min-height elementor-section-items-top elementor-section-stretched elementor-section-boxed elementor-section-height-default\" data-id=\"76bca4a\" data-element_type=\"section\" data-e-type=\"section\" data-settings=\"{&quot;background_background&quot;:&quot;slideshow&quot;,&quot;background_slideshow_gallery&quot;:[{&quot;id&quot;:456,&quot;url&quot;:&quot;https:\\\/\\\/www.signumvarainhoito.fi\\\/wp-content\\\/uploads\\\/2022\\\/09\\\/RAHASTOT01-Sinertava-2-scaled.jpg&quot;}],&quot;stretch_section&quot;:&quot;section-stretched&quot;,&quot;background_slideshow_loop&quot;:&quot;yes&quot;,&quot;background_slideshow_slide_duration&quot;:5000,&quot;background_slideshow_slide_transition&quot;:&quot;fade&quot;,&quot;background_slideshow_transition_duration&quot;:500}\">\n\t\t\t\t\t\t<div class=\"elementor-container elementor-column-gap-default\">\n\t\t\t\t\t<div class=\"elementor-column elementor-col-100 elementor-top-column elementor-element elementor-element-38535d74\" data-id=\"38535d74\" data-element_type=\"column\" data-e-type=\"column\">\n\t\t\t<div class=\"elementor-widget-wrap\">\n\t\t\t\t\t\t\t<\/div>\n\t\t<\/div>\n\t\t\t\t\t<\/div>\n\t\t<\/section>\n\t\t\t\t<section class=\"elementor-section elementor-top-section elementor-element elementor-element-cdddbdd elementor-section-boxed elementor-section-height-default elementor-section-height-default\" data-id=\"cdddbdd\" data-element_type=\"section\" data-e-type=\"section\">\n\t\t\t\t\t\t<div class=\"elementor-container elementor-column-gap-default\">\n\t\t\t\t\t<div class=\"elementor-column elementor-col-100 elementor-top-column elementor-element elementor-element-bbb629a\" data-id=\"bbb629a\" data-element_type=\"column\" data-e-type=\"column\">\n\t\t\t<div class=\"elementor-widget-wrap elementor-element-populated\">\n\t\t\t\t\t\t<div class=\"elementor-element elementor-element-beeb739 elementor-widget elementor-widget-heading\" data-id=\"beeb739\" data-element_type=\"widget\" data-e-type=\"widget\" data-widget_type=\"heading.default\">\n\t\t\t\t<div class=\"elementor-widget-container\">\n\t\t\t\t\t<h2 class=\"elementor-heading-title elementor-size-default\">RAHASTOT<\/h2>\t\t\t\t<\/div>\n\t\t\t\t<\/div>\n\t\t\t\t<div class=\"elementor-element elementor-element-696e2bd elementor-widget elementor-widget-text-editor\" data-id=\"696e2bd\" data-element_type=\"widget\" data-e-type=\"widget\" data-widget_type=\"text-editor.default\">\n\t\t\t\t<div class=\"elementor-widget-container\">\n\t\t\t\t\t\t\t\t\t<p>Signum erikoissijoitusrahastojen hallinto perustuu turvalliseen ja ammattimaiseen rahastorakenteeseen, jossa Salkunhoitaja, Hallinnointiyhti\u00f6 ja S\u00e4ilytysyhteis\u00f6pankki ovat kaikki erillisi\u00e4 toimiluvallisia Finanssialan toimijoita, joita valvoo Suomen Finanssivalvonta. Vastaavaa hajautettua mallia pidet\u00e4\u00e4n yleisesti turvallisimpana, l\u00e4pin\u00e4kyvimp\u00e4n\u00e4 ja eniten sijoittajansuojaa tukevana rahastorakenteena erityisesti ammattimaisessa ja institutionaalisessa varainhoidossa, niin Euroopassa (esimerkiksi Sveitsiss\u00e4 ja Luxemburgissa) kuin Pohjois-Amerikassa. Signum erikoissijoitusrahastojen salkunhoitajana toimii Signum Varainhoito Oy, hallinnointiyhti\u00f6n\u00e4 kotimainen GRIT Rahastoyhti\u00f6 Oy ja s\u00e4ilytysyhteis\u00f6pankkina SEB (Skandinaviska Enskilda Banken Ab, Helsingin sivuliike).\u00a0<\/p>\t\t\t\t\t\t\t\t<\/div>\n\t\t\t\t<\/div>\n\t\t\t\t\t<\/div>\n\t\t<\/div>\n\t\t\t\t\t<\/div>\n\t\t<\/section>\n\t\t\t\t<section class=\"elementor-section elementor-top-section elementor-element elementor-element-b3a2e0a elementor-section-boxed elementor-section-height-default elementor-section-height-default\" data-id=\"b3a2e0a\" data-element_type=\"section\" data-e-type=\"section\">\n\t\t\t\t\t\t<div class=\"elementor-container elementor-column-gap-default\">\n\t\t\t\t\t<div class=\"elementor-column elementor-col-100 elementor-top-column elementor-element elementor-element-3ef95d9\" data-id=\"3ef95d9\" data-element_type=\"column\" data-e-type=\"column\">\n\t\t\t<div class=\"elementor-widget-wrap elementor-element-populated\">\n\t\t\t\t\t\t<div class=\"elementor-element elementor-element-f73e0d1 elementor-widget elementor-widget-heading\" data-id=\"f73e0d1\" data-element_type=\"widget\" data-e-type=\"widget\" data-widget_type=\"heading.default\">\n\t\t\t\t<div class=\"elementor-widget-container\">\n\t\t\t\t\t<h2 class=\"elementor-heading-title elementor-size-default\">RAHASTOJEN SIVUT<\/h2>\t\t\t\t<\/div>\n\t\t\t\t<\/div>\n\t\t\t\t<section class=\"elementor-section elementor-inner-section elementor-element elementor-element-5ea54b2 elementor-section-boxed elementor-section-height-default elementor-section-height-default\" data-id=\"5ea54b2\" data-element_type=\"section\" data-e-type=\"section\">\n\t\t\t\t\t\t<div class=\"elementor-container elementor-column-gap-default\">\n\t\t\t\t\t<div class=\"elementor-column elementor-col-50 elementor-inner-column elementor-element elementor-element-45c0e7d\" data-id=\"45c0e7d\" data-element_type=\"column\" data-e-type=\"column\">\n\t\t\t<div class=\"elementor-widget-wrap elementor-element-populated\">\n\t\t\t\t\t\t<div class=\"elementor-element elementor-element-3a4c76f elementor-align-center elementor-mobile-align-justify elementor-widget-mobile__width-inherit elementor-widget elementor-widget-button\" data-id=\"3a4c76f\" data-element_type=\"widget\" data-e-type=\"widget\" data-widget_type=\"button.default\">\n\t\t\t\t<div class=\"elementor-widget-container\">\n\t\t\t\t\t\t\t\t\t<div class=\"elementor-button-wrapper\">\n\t\t\t\t\t<a class=\"elementor-button elementor-button-link elementor-size-md\" href=\"https:\/\/www.signumvarainhoito.fi\/rahastot\/monetary-systems-strategy\/\">\n\t\t\t\t\t\t<span class=\"elementor-button-content-wrapper\">\n\t\t\t\t\t\t\t\t\t<span class=\"elementor-button-text\">MONETARY SYSTEMS STRATEGY<\/span>\n\t\t\t\t\t<\/span>\n\t\t\t\t\t<\/a>\n\t\t\t\t<\/div>\n\t\t\t\t\t\t\t\t<\/div>\n\t\t\t\t<\/div>\n\t\t\t\t\t<\/div>\n\t\t<\/div>\n\t\t\t\t<div class=\"elementor-column elementor-col-50 elementor-inner-column elementor-element elementor-element-17bd020\" data-id=\"17bd020\" data-element_type=\"column\" data-e-type=\"column\">\n\t\t\t<div class=\"elementor-widget-wrap elementor-element-populated\">\n\t\t\t\t\t\t<div class=\"elementor-element elementor-element-544ee29 elementor-align-justify elementor-widget__width-inherit elementor-widget elementor-widget-button\" data-id=\"544ee29\" data-element_type=\"widget\" data-e-type=\"widget\" data-widget_type=\"button.default\">\n\t\t\t\t<div class=\"elementor-widget-container\">\n\t\t\t\t\t\t\t\t\t<div class=\"elementor-button-wrapper\">\n\t\t\t\t\t<a class=\"elementor-button elementor-button-link elementor-size-md\" href=\"https:\/\/www.signumvarainhoito.fi\/rahastot\/digital-assets-strategy\/\">\n\t\t\t\t\t\t<span class=\"elementor-button-content-wrapper\">\n\t\t\t\t\t\t\t\t\t<span class=\"elementor-button-text\">DIGITAL ASSETS STRATEGY<\/span>\n\t\t\t\t\t<\/span>\n\t\t\t\t\t<\/a>\n\t\t\t\t<\/div>\n\t\t\t\t\t\t\t\t<\/div>\n\t\t\t\t<\/div>\n\t\t\t\t\t<\/div>\n\t\t<\/div>\n\t\t\t\t\t<\/div>\n\t\t<\/section>\n\t\t\t\t\t<\/div>\n\t\t<\/div>\n\t\t\t\t\t<\/div>\n\t\t<\/section>\n\t\t<div class=\"elementor-element elementor-element-124302b e-flex e-con-boxed e-con e-parent\" data-id=\"124302b\" data-element_type=\"container\" data-e-type=\"container\" data-settings=\"{&quot;background_background&quot;:&quot;classic&quot;}\">\n\t\t\t\t\t<div class=\"e-con-inner\">\n\t\t\t\t<div class=\"elementor-element elementor-element-5e5a853 elementor-widget elementor-widget-heading\" data-id=\"5e5a853\" data-element_type=\"widget\" data-e-type=\"widget\" data-widget_type=\"heading.default\">\n\t\t\t\t<div class=\"elementor-widget-container\">\n\t\t\t\t\t<h2 class=\"elementor-heading-title elementor-size-default\">Rahastoesitteet, s\u00e4\u00e4nn\u00f6t ja avaintietoasiakirjat<\/h2>\t\t\t\t<\/div>\n\t\t\t\t<\/div>\n\t\t\t\t<div class=\"elementor-element elementor-element-b97bd64 elementor-align-left elementor-mobile-align-center elementor-tablet-align-justify elementor-widget elementor-widget-button\" data-id=\"b97bd64\" data-element_type=\"widget\" data-e-type=\"widget\" data-widget_type=\"button.default\">\n\t\t\t\t<div class=\"elementor-widget-container\">\n\t\t\t\t\t\t\t\t\t<div class=\"elementor-button-wrapper\">\n\t\t\t\t\t<a class=\"elementor-button elementor-button-link elementor-size-xs\" href=\"#tutustu_rahastoihin\">\n\t\t\t\t\t\t<span class=\"elementor-button-content-wrapper\">\n\t\t\t\t\t\t<span class=\"elementor-button-icon\">\n\t\t\t\t<i aria-hidden=\"true\" class=\"fas fa-angle-double-down\"><\/i>\t\t\t<\/span>\n\t\t\t\t\t\t\t\t\t<span class=\"elementor-button-text\">Tutustu tarkemmin<\/span>\n\t\t\t\t\t<\/span>\n\t\t\t\t\t<\/a>\n\t\t\t\t<\/div>\n\t\t\t\t\t\t\t\t<\/div>\n\t\t\t\t<\/div>\n\t\t\t\t\t<\/div>\n\t\t\t\t<\/div>\n\t\t\t\t<section class=\"elementor-section elementor-top-section elementor-element elementor-element-eb21888 elementor-section-boxed elementor-section-height-default elementor-section-height-default\" data-id=\"eb21888\" data-element_type=\"section\" data-e-type=\"section\">\n\t\t\t\t\t\t<div class=\"elementor-container elementor-column-gap-default\">\n\t\t\t\t\t<div class=\"elementor-column elementor-col-100 elementor-top-column elementor-element elementor-element-3696b4f\" data-id=\"3696b4f\" data-element_type=\"column\" data-e-type=\"column\">\n\t\t\t<div class=\"elementor-widget-wrap elementor-element-populated\">\n\t\t\t\t\t\t<div class=\"elementor-element elementor-element-53927b4 elementor-widget-divider--view-line elementor-widget elementor-widget-divider\" data-id=\"53927b4\" data-element_type=\"widget\" data-e-type=\"widget\" data-widget_type=\"divider.default\">\n\t\t\t\t<div class=\"elementor-widget-container\">\n\t\t\t\t\t\t\t<div class=\"elementor-divider\">\n\t\t\t<span class=\"elementor-divider-separator\">\n\t\t\t\t\t\t<\/span>\n\t\t<\/div>\n\t\t\t\t\t\t<\/div>\n\t\t\t\t<\/div>\n\t\t\t\t<div class=\"elementor-element elementor-element-b4f0c3f elementor-align-center elementor-widget elementor-widget-button\" data-id=\"b4f0c3f\" data-element_type=\"widget\" data-e-type=\"widget\" data-widget_type=\"button.default\">\n\t\t\t\t<div class=\"elementor-widget-container\">\n\t\t\t\t\t\t\t\t\t<div class=\"elementor-button-wrapper\">\n\t\t\t\t\t<a class=\"elementor-button elementor-button-link elementor-size-md\" href=\"https:\/\/www.signumvarainhoito.fi\/kuukausikatsaukset\/\">\n\t\t\t\t\t\t<span class=\"elementor-button-content-wrapper\">\n\t\t\t\t\t\t\t\t\t<span class=\"elementor-button-text\">SIGNUM RAHASTOJEN KUUKAUSIKATSAUKSET ALKAEN 10\/2024<\/span>\n\t\t\t\t\t<\/span>\n\t\t\t\t\t<\/a>\n\t\t\t\t<\/div>\n\t\t\t\t\t\t\t\t<\/div>\n\t\t\t\t<\/div>\n\t\t\t\t<div class=\"elementor-element elementor-element-519034d elementor-widget-divider--view-line elementor-widget elementor-widget-divider\" data-id=\"519034d\" data-element_type=\"widget\" data-e-type=\"widget\" data-widget_type=\"divider.default\">\n\t\t\t\t<div class=\"elementor-widget-container\">\n\t\t\t\t\t\t\t<div class=\"elementor-divider\">\n\t\t\t<span class=\"elementor-divider-separator\">\n\t\t\t\t\t\t<\/span>\n\t\t<\/div>\n\t\t\t\t\t\t<\/div>\n\t\t\t\t<\/div>\n\t\t\t\t\t<\/div>\n\t\t<\/div>\n\t\t\t\t\t<\/div>\n\t\t<\/section>\n\t\t\t\t<section class=\"elementor-section elementor-top-section elementor-element elementor-element-fc1c18c elementor-section-boxed elementor-section-height-default elementor-section-height-default\" data-id=\"fc1c18c\" data-element_type=\"section\" data-e-type=\"section\">\n\t\t\t\t\t\t<div class=\"elementor-container elementor-column-gap-default\">\n\t\t\t\t\t<div class=\"elementor-column elementor-col-100 elementor-top-column elementor-element elementor-element-2464d86\" data-id=\"2464d86\" data-element_type=\"column\" data-e-type=\"column\">\n\t\t\t<div class=\"elementor-widget-wrap elementor-element-populated\">\n\t\t\t\t\t\t<div class=\"elementor-element elementor-element-94b5e3b elementor-widget elementor-widget-heading\" data-id=\"94b5e3b\" data-element_type=\"widget\" data-e-type=\"widget\" data-widget_type=\"heading.default\">\n\t\t\t\t<div class=\"elementor-widget-container\">\n\t\t\t\t\t<h2 class=\"elementor-heading-title elementor-size-default\">Rahastojen merkint\u00e4aikataulu ja merkint\u00e4prosessi <\/h2>\t\t\t\t<\/div>\n\t\t\t\t<\/div>\n\t\t\t\t<div class=\"elementor-element elementor-element-93e88a1 elementor-widget elementor-widget-text-editor\" data-id=\"93e88a1\" data-element_type=\"widget\" data-e-type=\"widget\" data-widget_type=\"text-editor.default\">\n\t\t\t\t<div class=\"elementor-widget-container\">\n\t\t\t\t\t\t\t\t\t<p>Signum erikoissijoitusrahastojen seuraava merkint\u00e4p\u00e4iv\u00e4 on 30.4.2026.\u00a0 Merkint\u00e4ilmoitusten ja varojen siirto rahastojen merkint\u00e4tileille tulee tehd\u00e4 viimeist\u00e4\u00e4n 28.4.2026. Rahastomerkinn\u00e4t onnistuvat alkaen 1 000 euroa (A-osuudet) ja alkaen 200 000 euroa (B-osuudet). Rahastomerkinn\u00e4ss\u00e4\u00a0 merkint\u00e4maksu tehd\u00e4\u00e4n tilisiirtona omasta pankista (esim. Nordea, OP, Danske Bank tai Aktia) suoraan rahastojen merkint\u00e4tileille, jotka ovat Pohjoismaiden suurimmissa pankeissa SEB:ss\u00e4 ja Nordeassa. Signum Varainhoidolla ei ole asiakasvaratilej\u00e4, vaan kaikki rahaliikenne kulkee Asiakkaalta suoraan oman pankin, rahaston merkint\u00e4tilien (Nordea tai SEB) ja s\u00e4ilytysyhteis\u00f6pankin v\u00e4lill\u00e4 (SEB). Rahaston varoja s\u00e4ilytet\u00e4\u00e4n aina erill\u00e4\u00e4n Salkunhoitajan, Hallinnointiyhti\u00f6n ja S\u00e4ilytysyhteis\u00f6n omista varoista. Edell\u00e4 kuvattu toimintamalli takaa osuudenomistajille\/sijoittajilleturvallisen s\u00e4ilytyksen kaikissa markkinatilanteissa. Rahaston s\u00e4ilytysyhteis\u00f6 toimii teht\u00e4v\u00e4ss\u00e4\u00e4n aina itsen\u00e4isesti ja riippumattomasti rahaston salkunhoitajasta ja hallinnointiyhti\u00f6st\u00e4. Finanssivalvonta valvoo Salkunhoitajaa, Rahastoyhti\u00f6t\u00e4 ja Rahastoa.\u00a0<\/p>\t\t\t\t\t\t\t\t<\/div>\n\t\t\t\t<\/div>\n\t\t\t\t\t<\/div>\n\t\t<\/div>\n\t\t\t\t\t<\/div>\n\t\t<\/section>\n\t\t\t\t<section class=\"elementor-section elementor-top-section elementor-element elementor-element-db2f964 elementor-section-stretched elementor-section-boxed elementor-section-height-default elementor-section-height-default\" data-id=\"db2f964\" data-element_type=\"section\" data-e-type=\"section\" data-settings=\"{&quot;background_background&quot;:&quot;classic&quot;,&quot;stretch_section&quot;:&quot;section-stretched&quot;}\">\n\t\t\t\t\t\t<div class=\"elementor-container elementor-column-gap-default\">\n\t\t\t\t\t<div class=\"elementor-column elementor-col-100 elementor-top-column elementor-element elementor-element-ca43519\" data-id=\"ca43519\" data-element_type=\"column\" data-e-type=\"column\">\n\t\t\t<div class=\"elementor-widget-wrap elementor-element-populated\">\n\t\t\t\t\t\t<div class=\"elementor-element elementor-element-11e9b86 elementor-widget elementor-widget-heading\" data-id=\"11e9b86\" data-element_type=\"widget\" data-e-type=\"widget\" data-widget_type=\"heading.default\">\n\t\t\t\t<div class=\"elementor-widget-container\">\n\t\t\t\t\t<h2 class=\"elementor-heading-title elementor-size-default\"> Signum Monetary Systems Strategy Erikoissijoitusrahasto:<\/h2>\t\t\t\t<\/div>\n\t\t\t\t<\/div>\n\t\t\t\t<section class=\"elementor-section elementor-inner-section elementor-element elementor-element-7ef2b9a elementor-section-boxed elementor-section-height-default elementor-section-height-default\" data-id=\"7ef2b9a\" data-element_type=\"section\" data-e-type=\"section\">\n\t\t\t\t\t\t<div class=\"elementor-container elementor-column-gap-default\">\n\t\t\t\t\t<div class=\"elementor-column elementor-col-100 elementor-inner-column elementor-element elementor-element-3480d15\" data-id=\"3480d15\" data-element_type=\"column\" data-e-type=\"column\">\n\t\t\t<div class=\"elementor-widget-wrap elementor-element-populated\">\n\t\t\t\t\t\t<div class=\"elementor-element elementor-element-6c11c24 elementor-widget elementor-widget-heading\" data-id=\"6c11c24\" data-element_type=\"widget\" data-e-type=\"widget\" data-widget_type=\"heading.default\">\n\t\t\t\t<div class=\"elementor-widget-container\">\n\t\t\t\t\t<h3 class=\"elementor-heading-title elementor-size-default\"><a href=\"https:\/\/www.signumvarainhoito.fi\/wp-content\/uploads\/2026\/04\/SignumMonetarySystemsStrategyAIFRahastoesiteFI20260416.pdf\">Rahastoesite<\/a><\/h3>\t\t\t\t<\/div>\n\t\t\t\t<\/div>\n\t\t\t\t<div class=\"elementor-element elementor-element-a3f5d64 elementor-widget elementor-widget-heading\" data-id=\"a3f5d64\" data-element_type=\"widget\" data-e-type=\"widget\" data-widget_type=\"heading.default\">\n\t\t\t\t<div class=\"elementor-widget-container\">\n\t\t\t\t\t<h3 class=\"elementor-heading-title elementor-size-default\"><a href=\"https:\/\/www.signumvarainhoito.fi\/wp-content\/uploads\/2026\/04\/Signum-Monetary-Systems-Strategy-Erikoissijoitusrahasto-Saannot-FI-16APR2026.pdf\">S\u00e4\u00e4nn\u00f6t<\/a><\/h3>\t\t\t\t<\/div>\n\t\t\t\t<\/div>\n\t\t\t\t<div class=\"elementor-element elementor-element-3c054b3 elementor-widget elementor-widget-heading\" data-id=\"3c054b3\" data-element_type=\"widget\" data-e-type=\"widget\" data-widget_type=\"heading.default\">\n\t\t\t\t<div class=\"elementor-widget-container\">\n\t\t\t\t\t<h3 class=\"elementor-heading-title elementor-size-default\"><a href=\"https:\/\/www.signumvarainhoito.fi\/wp-content\/uploads\/2026\/04\/Signum-Monetary-Systems-Strategy-ErikoissijoitusrahastoKIDFI20260416.pdf\">Avaintietoasiakirja<\/a><\/h3>\t\t\t\t<\/div>\n\t\t\t\t<\/div>\n\t\t\t\t<div class=\"elementor-element elementor-element-e77848d elementor-widget-divider--view-line elementor-widget elementor-widget-divider\" data-id=\"e77848d\" data-element_type=\"widget\" data-e-type=\"widget\" data-widget_type=\"divider.default\">\n\t\t\t\t<div class=\"elementor-widget-container\">\n\t\t\t\t\t\t\t<div class=\"elementor-divider\">\n\t\t\t<span class=\"elementor-divider-separator\">\n\t\t\t\t\t\t<\/span>\n\t\t<\/div>\n\t\t\t\t\t\t<\/div>\n\t\t\t\t<\/div>\n\t\t\t\t\t<\/div>\n\t\t<\/div>\n\t\t\t\t\t<\/div>\n\t\t<\/section>\n\t\t\t\t\t<\/div>\n\t\t<\/div>\n\t\t\t\t\t<\/div>\n\t\t<\/section>\n\t\t\t\t<section class=\"elementor-section elementor-top-section elementor-element elementor-element-2413df9 elementor-section-stretched elementor-section-boxed elementor-section-height-default elementor-section-height-default\" data-id=\"2413df9\" data-element_type=\"section\" data-e-type=\"section\" id=\"tutustu_rahastoihin\" data-settings=\"{&quot;background_background&quot;:&quot;classic&quot;,&quot;stretch_section&quot;:&quot;section-stretched&quot;}\">\n\t\t\t\t\t\t<div class=\"elementor-container elementor-column-gap-default\">\n\t\t\t\t\t<div class=\"elementor-column elementor-col-100 elementor-top-column elementor-element elementor-element-5fb7da4\" data-id=\"5fb7da4\" data-element_type=\"column\" data-e-type=\"column\">\n\t\t\t<div class=\"elementor-widget-wrap elementor-element-populated\">\n\t\t\t\t\t\t<div class=\"elementor-element elementor-element-474b5d2 elementor-widget elementor-widget-heading\" data-id=\"474b5d2\" data-element_type=\"widget\" data-e-type=\"widget\" data-widget_type=\"heading.default\">\n\t\t\t\t<div class=\"elementor-widget-container\">\n\t\t\t\t\t<h2 class=\"elementor-heading-title elementor-size-default\">Signum  Digital Assets Strategy Erikoissijoitusrahasto:<\/h2>\t\t\t\t<\/div>\n\t\t\t\t<\/div>\n\t\t\t\t<section class=\"elementor-section elementor-inner-section elementor-element elementor-element-42e5d4f elementor-section-boxed elementor-section-height-default elementor-section-height-default\" data-id=\"42e5d4f\" data-element_type=\"section\" data-e-type=\"section\">\n\t\t\t\t\t\t<div class=\"elementor-container elementor-column-gap-default\">\n\t\t\t\t\t<div class=\"elementor-column elementor-col-100 elementor-inner-column elementor-element elementor-element-68ad626\" data-id=\"68ad626\" data-element_type=\"column\" data-e-type=\"column\">\n\t\t\t<div class=\"elementor-widget-wrap elementor-element-populated\">\n\t\t\t\t\t\t<div class=\"elementor-element elementor-element-a99adb3 elementor-widget elementor-widget-heading\" data-id=\"a99adb3\" data-element_type=\"widget\" data-e-type=\"widget\" data-widget_type=\"heading.default\">\n\t\t\t\t<div class=\"elementor-widget-container\">\n\t\t\t\t\t<h3 class=\"elementor-heading-title elementor-size-default\"><a href=\"https:\/\/www.signumvarainhoito.fi\/wp-content\/uploads\/2026\/04\/Signum-Digital-Assets-Strategy-Erikoissijoitusrahasto-Rahastoesite.pdf\">Rahastoesite<\/a><\/h3>\t\t\t\t<\/div>\n\t\t\t\t<\/div>\n\t\t\t\t<div class=\"elementor-element elementor-element-987a6d6 elementor-widget elementor-widget-heading\" data-id=\"987a6d6\" data-element_type=\"widget\" data-e-type=\"widget\" data-widget_type=\"heading.default\">\n\t\t\t\t<div class=\"elementor-widget-container\">\n\t\t\t\t\t<h3 class=\"elementor-heading-title elementor-size-default\"><a href=\"https:\/\/www.signumvarainhoito.fi\/wp-content\/uploads\/2026\/04\/Signum-Digital-Assets-Strategy-Erikoissijoitusrahasto-Saannot-FI-16APR2026.pdf\">S\u00e4\u00e4nn\u00f6t<\/a><\/h3>\t\t\t\t<\/div>\n\t\t\t\t<\/div>\n\t\t\t\t<div class=\"elementor-element elementor-element-495d38c elementor-widget elementor-widget-heading\" data-id=\"495d38c\" data-element_type=\"widget\" data-e-type=\"widget\" data-widget_type=\"heading.default\">\n\t\t\t\t<div class=\"elementor-widget-container\">\n\t\t\t\t\t<h3 class=\"elementor-heading-title elementor-size-default\"><a href=\"https:\/\/www.signumvarainhoito.fi\/wp-content\/uploads\/2026\/04\/Signum-Digital-Assets-Strategy-ErikoissijoitusrahastoKIDFI20260416.pdf\">Avaintietoasiakirja<\/a><\/h3>\t\t\t\t<\/div>\n\t\t\t\t<\/div>\n\t\t\t\t\t<\/div>\n\t\t<\/div>\n\t\t\t\t\t<\/div>\n\t\t<\/section>\n\t\t\t\t\t<\/div>\n\t\t<\/div>\n\t\t\t\t\t<\/div>\n\t\t<\/section>\n\t\t\t\t<\/div>\n\t\t","protected":false},"excerpt":{"rendered":"<p>RAHASTOT Signum erikoissijoitusrahastojen hallinto perustuu turvalliseen ja ammattimaiseen rahastorakenteeseen, jossa Salkunhoitaja, Hallinnointiyhti\u00f6 ja S\u00e4ilytysyhteis\u00f6pankki ovat kaikki erillisi\u00e4 toimiluvallisia Finanssialan toimijoita, joita valvoo Suomen Finanssivalvonta. Vastaavaa hajautettua mallia pidet\u00e4\u00e4n yleisesti turvallisimpana, l\u00e4pin\u00e4kyvimp\u00e4n\u00e4 ja eniten sijoittajansuojaa tukevana rahastorakenteena erityisesti ammattimaisessa ja institutionaalisessa varainhoidossa, niin Euroopassa (esimerkiksi Sveitsiss\u00e4 ja Luxemburgissa) kuin Pohjois-Amerikassa. Signum erikoissijoitusrahastojen salkunhoitajana toimii Signum Varainhoito&hellip;&nbsp;<a href=\"https:\/\/www.signumvarainhoito.fi\/en\/rahastot\/\" rel=\"bookmark\">Read More &raquo;<span class=\"screen-reader-text\">Funds<\/span><\/a><\/p>","protected":false},"author":1,"featured_media":0,"parent":0,"menu_order":3,"comment_status":"closed","ping_status":"closed","template":"","meta":{"neve_meta_sidebar":"","neve_meta_container":"","neve_meta_enable_content_width":"","neve_meta_content_width":0,"neve_meta_title_alignment":"","neve_meta_author_avatar":"","neve_post_elements_order":"","neve_meta_disable_header":"","neve_meta_disable_footer":"","neve_meta_disable_title":"on","footnotes":""},"class_list":["post-62","page","type-page","status-publish","hentry"],"aioseo_notices":[],"_links":{"self":[{"href":"https:\/\/www.signumvarainhoito.fi\/en\/wp-json\/wp\/v2\/pages\/62","targetHints":{"allow":["GET"]}}],"collection":[{"href":"https:\/\/www.signumvarainhoito.fi\/en\/wp-json\/wp\/v2\/pages"}],"about":[{"href":"https:\/\/www.signumvarainhoito.fi\/en\/wp-json\/wp\/v2\/types\/page"}],"author":[{"embeddable":true,"href":"https:\/\/www.signumvarainhoito.fi\/en\/wp-json\/wp\/v2\/users\/1"}],"replies":[{"embeddable":true,"href":"https:\/\/www.signumvarainhoito.fi\/en\/wp-json\/wp\/v2\/comments?post=62"}],"version-history":[{"count":1633,"href":"https:\/\/www.signumvarainhoito.fi\/en\/wp-json\/wp\/v2\/pages\/62\/revisions"}],"predecessor-version":[{"id":7090,"href":"https:\/\/www.signumvarainhoito.fi\/en\/wp-json\/wp\/v2\/pages\/62\/revisions\/7090"}],"wp:attachment":[{"href":"https:\/\/www.signumvarainhoito.fi\/en\/wp-json\/wp\/v2\/media?parent=62"}],"curies":[{"name":"wp","href":"https:\/\/api.w.org\/{rel}","templated":true}]}}