{"id":71,"date":"2022-08-17T13:48:58","date_gmt":"2022-08-17T13:48:58","guid":{"rendered":"https:\/\/www.signumvarainhoito.fi\/?page_id=71"},"modified":"2025-10-28T16:14:32","modified_gmt":"2025-10-28T16:14:32","slug":"team","status":"publish","type":"page","link":"https:\/\/www.signumvarainhoito.fi\/en\/avainhenkilot\/","title":{"rendered":"Key personnel"},"content":{"rendered":"\t\t<div data-elementor-type=\"wp-page\" data-elementor-id=\"71\" class=\"elementor elementor-71\">\n\t\t\t\t\t\t<section class=\"elementor-section elementor-top-section elementor-element elementor-element-375ebca5 elementor-section-height-min-height elementor-section-items-top elementor-section-stretched elementor-section-boxed elementor-section-height-default\" data-id=\"375ebca5\" data-element_type=\"section\" data-e-type=\"section\" data-settings=\"{&quot;background_background&quot;:&quot;slideshow&quot;,&quot;background_slideshow_gallery&quot;:[{&quot;id&quot;:1046,&quot;url&quot;:&quot;https:\\\/\\\/www.signumvarainhoito.fi\\\/wp-content\\\/uploads\\\/2024\\\/05\\\/Signum-Tiimi-Purjehdus.webp&quot;}],&quot;stretch_section&quot;:&quot;section-stretched&quot;,&quot;background_slideshow_loop&quot;:&quot;yes&quot;,&quot;background_slideshow_slide_duration&quot;:5000,&quot;background_slideshow_slide_transition&quot;:&quot;fade&quot;,&quot;background_slideshow_transition_duration&quot;:500}\">\n\t\t\t\t\t\t<div class=\"elementor-container elementor-column-gap-default\">\n\t\t\t\t\t<div class=\"elementor-column elementor-col-100 elementor-top-column elementor-element elementor-element-bf3c5e6\" data-id=\"bf3c5e6\" data-element_type=\"column\" data-e-type=\"column\">\n\t\t\t<div class=\"elementor-widget-wrap\">\n\t\t\t\t\t\t\t<\/div>\n\t\t<\/div>\n\t\t\t\t\t<\/div>\n\t\t<\/section>\n\t\t\t\t<section class=\"elementor-section elementor-top-section elementor-element elementor-element-73e953c elementor-section-boxed elementor-section-height-default elementor-section-height-default\" data-id=\"73e953c\" data-element_type=\"section\" data-e-type=\"section\">\n\t\t\t\t\t\t<div class=\"elementor-container elementor-column-gap-default\">\n\t\t\t\t\t<div class=\"elementor-column elementor-col-100 elementor-top-column elementor-element elementor-element-b750627\" data-id=\"b750627\" data-element_type=\"column\" data-e-type=\"column\">\n\t\t\t<div class=\"elementor-widget-wrap elementor-element-populated\">\n\t\t\t\t\t\t<div class=\"elementor-element elementor-element-e495231 elementor-widget elementor-widget-heading\" data-id=\"e495231\" data-element_type=\"widget\" data-e-type=\"widget\" data-widget_type=\"heading.default\">\n\t\t\t\t<div class=\"elementor-widget-container\">\n\t\t\t\t\t<h2 class=\"elementor-heading-title elementor-size-default\">AVAINHENKIL\u00d6T<\/h2>\t\t\t\t<\/div>\n\t\t\t\t<\/div>\n\t\t\t\t\t<\/div>\n\t\t<\/div>\n\t\t\t\t\t<\/div>\n\t\t<\/section>\n\t\t\t\t<section class=\"elementor-section elementor-top-section elementor-element elementor-element-e546700 elementor-section-boxed elementor-section-height-default elementor-section-height-default\" data-id=\"e546700\" data-element_type=\"section\" data-e-type=\"section\">\n\t\t\t\t\t\t<div class=\"elementor-container elementor-column-gap-default\">\n\t\t\t\t\t<div class=\"elementor-column elementor-col-100 elementor-top-column elementor-element elementor-element-5adf1a0\" data-id=\"5adf1a0\" data-element_type=\"column\" data-e-type=\"column\">\n\t\t\t<div class=\"elementor-widget-wrap elementor-element-populated\">\n\t\t\t\t\t\t<div class=\"elementor-element elementor-element-26207d3 elementor-widget-divider--view-line elementor-widget elementor-widget-divider\" data-id=\"26207d3\" data-element_type=\"widget\" data-e-type=\"widget\" data-widget_type=\"divider.default\">\n\t\t\t\t<div class=\"elementor-widget-container\">\n\t\t\t\t\t\t\t<div class=\"elementor-divider\">\n\t\t\t<span class=\"elementor-divider-separator\">\n\t\t\t\t\t\t<\/span>\n\t\t<\/div>\n\t\t\t\t\t\t<\/div>\n\t\t\t\t<\/div>\n\t\t\t\t\t<\/div>\n\t\t<\/div>\n\t\t\t\t\t<\/div>\n\t\t<\/section>\n\t\t\t\t<section class=\"elementor-section elementor-top-section elementor-element elementor-element-9c6761c elementor-section-boxed elementor-section-height-default elementor-section-height-default\" data-id=\"9c6761c\" data-element_type=\"section\" data-e-type=\"section\">\n\t\t\t\t\t\t<div class=\"elementor-container elementor-column-gap-default\">\n\t\t\t\t\t<div class=\"elementor-column elementor-col-33 elementor-top-column elementor-element elementor-element-131ca5f\" data-id=\"131ca5f\" data-element_type=\"column\" data-e-type=\"column\">\n\t\t\t<div class=\"elementor-widget-wrap elementor-element-populated\">\n\t\t\t\t\t\t<div class=\"elementor-element elementor-element-2032655 elementor-widget elementor-widget-image\" data-id=\"2032655\" data-element_type=\"widget\" data-e-type=\"widget\" data-widget_type=\"image.default\">\n\t\t\t\t<div class=\"elementor-widget-container\">\n\t\t\t\t\t\t\t\t\t\t\t\t\t\t\t<img fetchpriority=\"high\" decoding=\"async\" width=\"768\" height=\"1155\" src=\"https:\/\/www.signumvarainhoito.fi\/wp-content\/uploads\/2024\/06\/Miika-Vahakainu-Signum-varainhoito.jpg\" class=\"attachment-medium_large size-medium_large wp-image-1167\" alt=\"\" srcset=\"https:\/\/www.signumvarainhoito.fi\/wp-content\/uploads\/2024\/06\/Miika-Vahakainu-Signum-varainhoito.jpg 768w, https:\/\/www.signumvarainhoito.fi\/wp-content\/uploads\/2024\/06\/Miika-Vahakainu-Signum-varainhoito-199x300.jpg 199w, https:\/\/www.signumvarainhoito.fi\/wp-content\/uploads\/2024\/06\/Miika-Vahakainu-Signum-varainhoito-681x1024.jpg 681w\" sizes=\"(max-width: 768px) 100vw, 768px\" \/>\t\t\t\t\t\t\t\t\t\t\t\t\t\t\t<\/div>\n\t\t\t\t<\/div>\n\t\t\t\t\t<\/div>\n\t\t<\/div>\n\t\t\t\t<div class=\"elementor-column elementor-col-33 elementor-top-column elementor-element elementor-element-a0d8712\" data-id=\"a0d8712\" data-element_type=\"column\" data-e-type=\"column\">\n\t\t\t<div class=\"elementor-widget-wrap elementor-element-populated\">\n\t\t\t\t\t\t<div class=\"elementor-element elementor-element-6d265dd elementor-widget elementor-widget-heading\" data-id=\"6d265dd\" data-element_type=\"widget\" data-e-type=\"widget\" data-widget_type=\"heading.default\">\n\t\t\t\t<div class=\"elementor-widget-container\">\n\t\t\t\t\t<h2 class=\"elementor-heading-title elementor-size-default\">Miika V\u00e4h\u00e4kainu<\/h2>\t\t\t\t<\/div>\n\t\t\t\t<\/div>\n\t\t\t\t<div class=\"elementor-element elementor-element-062e9ce elementor-widget elementor-widget-text-editor\" data-id=\"062e9ce\" data-element_type=\"widget\" data-e-type=\"widget\" data-widget_type=\"text-editor.default\">\n\t\t\t\t<div class=\"elementor-widget-container\">\n\t\t\t\t\t\t\t\t\t<p><strong>TOIMITUSJOHTAJA<\/strong><\/p>\t\t\t\t\t\t\t\t<\/div>\n\t\t\t\t<\/div>\n\t\t\t\t<div class=\"elementor-element elementor-element-03367a6 elementor-widget elementor-widget-text-editor\" data-id=\"03367a6\" data-element_type=\"widget\" data-e-type=\"widget\" data-widget_type=\"text-editor.default\">\n\t\t\t\t<div class=\"elementor-widget-container\">\n\t\t\t\t\t\t\t\t\t<p>miika.vahakainu@signumvarainhoito.fi\u00a0<br \/>+358 40 7459407<br \/>Liiketalouden tradenomi, Haaga-Helia AMK<\/p>\t\t\t\t\t\t\t\t<\/div>\n\t\t\t\t<\/div>\n\t\t\t\t\t<\/div>\n\t\t<\/div>\n\t\t\t\t<div class=\"elementor-column elementor-col-33 elementor-top-column elementor-element elementor-element-08b28f1\" data-id=\"08b28f1\" data-element_type=\"column\" data-e-type=\"column\">\n\t\t\t<div class=\"elementor-widget-wrap elementor-element-populated\">\n\t\t\t\t\t\t<div class=\"elementor-element elementor-element-e1167a6 elementor-widget elementor-widget-text-editor\" data-id=\"e1167a6\" data-element_type=\"widget\" data-e-type=\"widget\" data-widget_type=\"text-editor.default\">\n\t\t\t\t<div class=\"elementor-widget-container\">\n\t\t\t\t\t\t\t\t\t<p>Miika V\u00e4h\u00e4kainu on Signum Varainhoidon toimitusjohtaja ja omistajayritt\u00e4j\u00e4. H\u00e4nell\u00e4 on yli 15 vuoden ty\u00f6kokemus varainhoidosta ja sijoituspalveluista. Signumissa V\u00e4h\u00e4kainu vastaa yhti\u00f6n operatiivisesta toiminnasta ja\u00a0 asiakkuuksista. Ennen siirtymist\u00e4\u00e4n Signumille V\u00e4h\u00e4kainu ty\u00f6skenteli Evli Pankki Oyj:lle.<\/p><p>V\u00e4h\u00e4kainun ty\u00f6ura alkoi 2007 sijoituspalveluyhti\u00f6ss\u00e4. H\u00e4nelle on kertynyt laaja ja monipuolinen osaaminen sijoitusmarkkinoista, varainhoidon strategioista, sijoitustuotteista- ja palveluista. V\u00e4h\u00e4kainu on ty\u00f6skennellyt varainhoidon- ja sijoittamisen asiantuntijateht\u00e4vien lis\u00e4ksi liikkeenjohdon muutoskonsulttina. Yritysten hallinnosta V\u00e4h\u00e4kainulla on kokemusta oman yrityksens\u00e4 kautta hankittuna vuodesta 2012. Koulutukseltaan V\u00e4h\u00e4kainu on liiketalouden Tradenomi Haaga-Helia Ammattikorkeakoulusta. Lis\u00e4ksi h\u00e4nell\u00e4 on APV1 sijoituspalvelututkinto Aalto Yliopistosta.<\/p>\t\t\t\t\t\t\t\t<\/div>\n\t\t\t\t<\/div>\n\t\t\t\t\t<\/div>\n\t\t<\/div>\n\t\t\t\t\t<\/div>\n\t\t<\/section>\n\t\t\t\t<section class=\"elementor-section elementor-top-section elementor-element elementor-element-e60bcb0 elementor-section-boxed elementor-section-height-default elementor-section-height-default\" data-id=\"e60bcb0\" data-element_type=\"section\" data-e-type=\"section\">\n\t\t\t\t\t\t<div class=\"elementor-container elementor-column-gap-default\">\n\t\t\t\t\t<div class=\"elementor-column elementor-col-100 elementor-top-column elementor-element elementor-element-858aea1\" data-id=\"858aea1\" data-element_type=\"column\" data-e-type=\"column\">\n\t\t\t<div class=\"elementor-widget-wrap elementor-element-populated\">\n\t\t\t\t\t\t<div class=\"elementor-element elementor-element-4d9e005 elementor-widget-divider--view-line elementor-widget elementor-widget-divider\" data-id=\"4d9e005\" data-element_type=\"widget\" data-e-type=\"widget\" data-widget_type=\"divider.default\">\n\t\t\t\t<div class=\"elementor-widget-container\">\n\t\t\t\t\t\t\t<div class=\"elementor-divider\">\n\t\t\t<span class=\"elementor-divider-separator\">\n\t\t\t\t\t\t<\/span>\n\t\t<\/div>\n\t\t\t\t\t\t<\/div>\n\t\t\t\t<\/div>\n\t\t\t\t\t<\/div>\n\t\t<\/div>\n\t\t\t\t\t<\/div>\n\t\t<\/section>\n\t\t\t\t<section class=\"elementor-section elementor-top-section elementor-element elementor-element-ceb92c7 elementor-section-boxed elementor-section-height-default elementor-section-height-default\" data-id=\"ceb92c7\" data-element_type=\"section\" data-e-type=\"section\">\n\t\t\t\t\t\t<div class=\"elementor-container elementor-column-gap-default\">\n\t\t\t\t\t<div class=\"elementor-column elementor-col-33 elementor-top-column elementor-element elementor-element-54dc782\" data-id=\"54dc782\" data-element_type=\"column\" data-e-type=\"column\">\n\t\t\t<div class=\"elementor-widget-wrap elementor-element-populated\">\n\t\t\t\t\t\t<div class=\"elementor-element elementor-element-9cc5480 elementor-widget elementor-widget-image\" data-id=\"9cc5480\" data-element_type=\"widget\" data-e-type=\"widget\" data-widget_type=\"image.default\">\n\t\t\t\t<div class=\"elementor-widget-container\">\n\t\t\t\t\t\t\t\t\t\t\t\t\t\t\t<img decoding=\"async\" width=\"768\" height=\"1024\" src=\"https:\/\/www.signumvarainhoito.fi\/wp-content\/uploads\/2022\/08\/Signum-varainhoito-Ari-Aaltonen-Henkilokuva-768x1024.jpg\" class=\"attachment-medium_large size-medium_large wp-image-272\" alt=\"\" srcset=\"https:\/\/www.signumvarainhoito.fi\/wp-content\/uploads\/2022\/08\/Signum-varainhoito-Ari-Aaltonen-Henkilokuva-768x1024.jpg 768w, https:\/\/www.signumvarainhoito.fi\/wp-content\/uploads\/2022\/08\/Signum-varainhoito-Ari-Aaltonen-Henkilokuva-225x300.jpg 225w, https:\/\/www.signumvarainhoito.fi\/wp-content\/uploads\/2022\/08\/Signum-varainhoito-Ari-Aaltonen-Henkilokuva-1152x1536.jpg 1152w, https:\/\/www.signumvarainhoito.fi\/wp-content\/uploads\/2022\/08\/Signum-varainhoito-Ari-Aaltonen-Henkilokuva.jpg 1200w\" sizes=\"(max-width: 768px) 100vw, 768px\" \/>\t\t\t\t\t\t\t\t\t\t\t\t\t\t\t<\/div>\n\t\t\t\t<\/div>\n\t\t\t\t\t<\/div>\n\t\t<\/div>\n\t\t\t\t<div class=\"elementor-column elementor-col-33 elementor-top-column elementor-element elementor-element-2e82d9c\" data-id=\"2e82d9c\" data-element_type=\"column\" data-e-type=\"column\">\n\t\t\t<div class=\"elementor-widget-wrap elementor-element-populated\">\n\t\t\t\t\t\t<div class=\"elementor-element elementor-element-075ef56 elementor-widget elementor-widget-heading\" data-id=\"075ef56\" data-element_type=\"widget\" data-e-type=\"widget\" data-widget_type=\"heading.default\">\n\t\t\t\t<div class=\"elementor-widget-container\">\n\t\t\t\t\t<h2 class=\"elementor-heading-title elementor-size-default\">Ari Aaltonen<\/h2>\t\t\t\t<\/div>\n\t\t\t\t<\/div>\n\t\t\t\t<div class=\"elementor-element elementor-element-6162c49 elementor-widget elementor-widget-text-editor\" data-id=\"6162c49\" data-element_type=\"widget\" data-e-type=\"widget\" data-widget_type=\"text-editor.default\">\n\t\t\t\t<div class=\"elementor-widget-container\">\n\t\t\t\t\t\t\t\t\t<p><strong>SIJOITUSJOHTAJA<\/strong><\/p>\t\t\t\t\t\t\t\t<\/div>\n\t\t\t\t<\/div>\n\t\t\t\t<div class=\"elementor-element elementor-element-5fb1de1 elementor-widget elementor-widget-text-editor\" data-id=\"5fb1de1\" data-element_type=\"widget\" data-e-type=\"widget\" data-widget_type=\"text-editor.default\">\n\t\t\t\t<div class=\"elementor-widget-container\">\n\t\t\t\t\t\t\t\t\t<p>ari.aaltonen@signumvarainhoito.fi\u00a0<br \/>VTM, Helsingin yliopisto<\/p>\t\t\t\t\t\t\t\t<\/div>\n\t\t\t\t<\/div>\n\t\t\t\t\t<\/div>\n\t\t<\/div>\n\t\t\t\t<div class=\"elementor-column elementor-col-33 elementor-top-column elementor-element elementor-element-5eb0647\" data-id=\"5eb0647\" data-element_type=\"column\" data-e-type=\"column\">\n\t\t\t<div class=\"elementor-widget-wrap elementor-element-populated\">\n\t\t\t\t\t\t<div class=\"elementor-element elementor-element-0f82ee6 elementor-widget elementor-widget-text-editor\" data-id=\"0f82ee6\" data-element_type=\"widget\" data-e-type=\"widget\" data-widget_type=\"text-editor.default\">\n\t\t\t\t<div class=\"elementor-widget-container\">\n\t\t\t\t\t\t\t\t\t<p>Ari Aaltonen on Signum Varainhoidon sijoitusjohtaja ja perustajaosakas. H\u00e4nell\u00e4 on jo yli 40 vuoden ty\u00f6kokemus varainhoidosta ja rahoitusmarkkinoista. Signumissa Aaltonen vastaa sijoitusrahastojen salkunhoidosta ja sijoitusstrategioista. Ennen siirtymist\u00e4\u00e4n Signumille Aaltonen ty\u00f6skenteli Front Capitalin p\u00e4\u00e4strategina.<\/p><p>Aaltosen ty\u00f6ura alkoi 1984 ja h\u00e4n on toiminut mm. ekonomistina Suomen Pankissa ja kahden pankkiryhm\u00e4n, S\u00e4\u00e4st\u00f6pankkiryhm\u00e4n ja Postipankin, p\u00e4\u00e4ekonomistina. Varainhoidon teht\u00e4viss\u00e4 h\u00e4n on toiminut vuodesta 1997 sis\u00e4lt\u00e4en salkunhoidon, sijoitustoiminnan johtamisen sek\u00e4 varainhoitoyhti\u00f6n toimitusjohtajuuden. Koulutukseltaan Aaltonen on valtiotieteiden maisteri Helsingin yliopistosta, p\u00e4\u00e4aineenaan taloustiede.<\/p>\t\t\t\t\t\t\t\t<\/div>\n\t\t\t\t<\/div>\n\t\t\t\t\t<\/div>\n\t\t<\/div>\n\t\t\t\t\t<\/div>\n\t\t<\/section>\n\t\t\t\t<section class=\"elementor-section elementor-top-section elementor-element elementor-element-e8e6ba2 elementor-section-boxed elementor-section-height-default elementor-section-height-default\" data-id=\"e8e6ba2\" data-element_type=\"section\" data-e-type=\"section\">\n\t\t\t\t\t\t<div class=\"elementor-container elementor-column-gap-default\">\n\t\t\t\t\t<div class=\"elementor-column elementor-col-100 elementor-top-column elementor-element elementor-element-1da0549\" data-id=\"1da0549\" data-element_type=\"column\" data-e-type=\"column\">\n\t\t\t<div class=\"elementor-widget-wrap elementor-element-populated\">\n\t\t\t\t\t\t<div class=\"elementor-element elementor-element-b466fc8 elementor-widget-divider--view-line elementor-widget elementor-widget-divider\" data-id=\"b466fc8\" data-element_type=\"widget\" data-e-type=\"widget\" data-widget_type=\"divider.default\">\n\t\t\t\t<div class=\"elementor-widget-container\">\n\t\t\t\t\t\t\t<div class=\"elementor-divider\">\n\t\t\t<span class=\"elementor-divider-separator\">\n\t\t\t\t\t\t<\/span>\n\t\t<\/div>\n\t\t\t\t\t\t<\/div>\n\t\t\t\t<\/div>\n\t\t\t\t\t<\/div>\n\t\t<\/div>\n\t\t\t\t\t<\/div>\n\t\t<\/section>\n\t\t\t\t<section class=\"elementor-section elementor-top-section elementor-element elementor-element-7617647 elementor-section-boxed elementor-section-height-default elementor-section-height-default\" data-id=\"7617647\" data-element_type=\"section\" data-e-type=\"section\">\n\t\t\t\t\t\t<div class=\"elementor-container elementor-column-gap-default\">\n\t\t\t\t\t<div class=\"elementor-column elementor-col-33 elementor-top-column elementor-element elementor-element-a96efa0\" data-id=\"a96efa0\" data-element_type=\"column\" data-e-type=\"column\">\n\t\t\t<div class=\"elementor-widget-wrap elementor-element-populated\">\n\t\t\t\t\t\t<div class=\"elementor-element elementor-element-af15b6e elementor-widget elementor-widget-image\" data-id=\"af15b6e\" data-element_type=\"widget\" data-e-type=\"widget\" data-widget_type=\"image.default\">\n\t\t\t\t<div class=\"elementor-widget-container\">\n\t\t\t\t\t\t\t\t\t\t\t\t\t\t\t<img decoding=\"async\" width=\"768\" height=\"1024\" src=\"https:\/\/www.signumvarainhoito.fi\/wp-content\/uploads\/2022\/08\/Signum-varainhoito-Panu-Immonen-768x1024.jpg\" class=\"attachment-medium_large size-medium_large wp-image-268\" alt=\"\" srcset=\"https:\/\/www.signumvarainhoito.fi\/wp-content\/uploads\/2022\/08\/Signum-varainhoito-Panu-Immonen-768x1024.jpg 768w, https:\/\/www.signumvarainhoito.fi\/wp-content\/uploads\/2022\/08\/Signum-varainhoito-Panu-Immonen-225x300.jpg 225w, https:\/\/www.signumvarainhoito.fi\/wp-content\/uploads\/2022\/08\/Signum-varainhoito-Panu-Immonen-1152x1536.jpg 1152w, https:\/\/www.signumvarainhoito.fi\/wp-content\/uploads\/2022\/08\/Signum-varainhoito-Panu-Immonen.jpg 1200w\" sizes=\"(max-width: 768px) 100vw, 768px\" \/>\t\t\t\t\t\t\t\t\t\t\t\t\t\t\t<\/div>\n\t\t\t\t<\/div>\n\t\t\t\t\t<\/div>\n\t\t<\/div>\n\t\t\t\t<div class=\"elementor-column elementor-col-33 elementor-top-column elementor-element elementor-element-bc41d37\" data-id=\"bc41d37\" data-element_type=\"column\" data-e-type=\"column\">\n\t\t\t<div class=\"elementor-widget-wrap elementor-element-populated\">\n\t\t\t\t\t\t<div class=\"elementor-element elementor-element-db48c99 elementor-widget elementor-widget-heading\" data-id=\"db48c99\" data-element_type=\"widget\" data-e-type=\"widget\" data-widget_type=\"heading.default\">\n\t\t\t\t<div class=\"elementor-widget-container\">\n\t\t\t\t\t<h2 class=\"elementor-heading-title elementor-size-default\">Panu Immonen<\/h2>\t\t\t\t<\/div>\n\t\t\t\t<\/div>\n\t\t\t\t<div class=\"elementor-element elementor-element-121cdce elementor-widget elementor-widget-text-editor\" data-id=\"121cdce\" data-element_type=\"widget\" data-e-type=\"widget\" data-widget_type=\"text-editor.default\">\n\t\t\t\t<div class=\"elementor-widget-container\">\n\t\t\t\t\t\t\t\t\t<p><strong>HALLINTOJOHTAJA<\/strong><\/p>\t\t\t\t\t\t\t\t<\/div>\n\t\t\t\t<\/div>\n\t\t\t\t<div class=\"elementor-element elementor-element-44b00fe elementor-widget elementor-widget-text-editor\" data-id=\"44b00fe\" data-element_type=\"widget\" data-e-type=\"widget\" data-widget_type=\"text-editor.default\">\n\t\t\t\t<div class=\"elementor-widget-container\">\n\t\t\t\t\t\t\t\t\t<p>panu.immonen@signumvarainhoito.fi +358400410838<br \/>KTM, Aalto-yliopisto<\/p>\t\t\t\t\t\t\t\t<\/div>\n\t\t\t\t<\/div>\n\t\t\t\t\t<\/div>\n\t\t<\/div>\n\t\t\t\t<div class=\"elementor-column elementor-col-33 elementor-top-column elementor-element elementor-element-66c60f5\" data-id=\"66c60f5\" data-element_type=\"column\" data-e-type=\"column\">\n\t\t\t<div class=\"elementor-widget-wrap elementor-element-populated\">\n\t\t\t\t\t\t<div class=\"elementor-element elementor-element-c357536 elementor-widget elementor-widget-text-editor\" data-id=\"c357536\" data-element_type=\"widget\" data-e-type=\"widget\" data-widget_type=\"text-editor.default\">\n\t\t\t\t<div class=\"elementor-widget-container\">\n\t\t\t\t\t\t\t\t\t<p>Panu Immonen toimii Signum Varainhoito Oy:n hallintojohtajana. Panun vastuulla ovat viranomaisraportointi, riskienhallinta sek\u00e4 asiakkaan tuntemiseen liittyv\u00e4t asiat. Yli 10 vuoden ty\u00f6kokemus sijoitusalalta koostuu myynnin ja hallinnon teht\u00e4vist\u00e4. Koulutukseltaan Immonen on kauppatieteiden maisteri Aalto-yliopistosta, p\u00e4\u00e4aineenaan taloustiede. Lis\u00e4ksi h\u00e4nell\u00e4 on APV 1 sijoituspalvelututkinto Aalto-yliopistosta.<\/p>\t\t\t\t\t\t\t\t<\/div>\n\t\t\t\t<\/div>\n\t\t\t\t\t<\/div>\n\t\t<\/div>\n\t\t\t\t\t<\/div>\n\t\t<\/section>\n\t\t\t\t<\/div>\n\t\t","protected":false},"excerpt":{"rendered":"<p>AVAINHENKIL\u00d6T Miika V\u00e4h\u00e4kainu TOIMITUSJOHTAJA miika.vahakainu@signumvarainhoito.fi\u00a0+358 40 7459407Liiketalouden tradenomi, Haaga-Helia AMK Miika V\u00e4h\u00e4kainu on Signum Varainhoidon toimitusjohtaja ja omistajayritt\u00e4j\u00e4. H\u00e4nell\u00e4 on yli 15 vuoden ty\u00f6kokemus varainhoidosta ja sijoituspalveluista. Signumissa V\u00e4h\u00e4kainu vastaa yhti\u00f6n operatiivisesta toiminnasta ja\u00a0 asiakkuuksista. Ennen siirtymist\u00e4\u00e4n Signumille V\u00e4h\u00e4kainu ty\u00f6skenteli Evli Pankki Oyj:lle. V\u00e4h\u00e4kainun ty\u00f6ura alkoi 2007 sijoituspalveluyhti\u00f6ss\u00e4. H\u00e4nelle on kertynyt laaja ja monipuolinen osaaminen&hellip;&nbsp;<a href=\"https:\/\/www.signumvarainhoito.fi\/en\/avainhenkilot\/\" rel=\"bookmark\">Read More &raquo;<span class=\"screen-reader-text\">Key personnel<\/span><\/a><\/p>","protected":false},"author":1,"featured_media":0,"parent":0,"menu_order":4,"comment_status":"closed","ping_status":"closed","template":"","meta":{"neve_meta_sidebar":"","neve_meta_container":"","neve_meta_enable_content_width":"","neve_meta_content_width":0,"neve_meta_title_alignment":"","neve_meta_author_avatar":"","neve_post_elements_order":"","neve_meta_disable_header":"","neve_meta_disable_footer":"","neve_meta_disable_title":"on","footnotes":""},"class_list":["post-71","page","type-page","status-publish","hentry"],"aioseo_notices":[],"_links":{"self":[{"href":"https:\/\/www.signumvarainhoito.fi\/en\/wp-json\/wp\/v2\/pages\/71","targetHints":{"allow":["GET"]}}],"collection":[{"href":"https:\/\/www.signumvarainhoito.fi\/en\/wp-json\/wp\/v2\/pages"}],"about":[{"href":"https:\/\/www.signumvarainhoito.fi\/en\/wp-json\/wp\/v2\/types\/page"}],"author":[{"embeddable":true,"href":"https:\/\/www.signumvarainhoito.fi\/en\/wp-json\/wp\/v2\/users\/1"}],"replies":[{"embeddable":true,"href":"https:\/\/www.signumvarainhoito.fi\/en\/wp-json\/wp\/v2\/comments?post=71"}],"version-history":[{"count":326,"href":"https:\/\/www.signumvarainhoito.fi\/en\/wp-json\/wp\/v2\/pages\/71\/revisions"}],"predecessor-version":[{"id":3740,"href":"https:\/\/www.signumvarainhoito.fi\/en\/wp-json\/wp\/v2\/pages\/71\/revisions\/3740"}],"wp:attachment":[{"href":"https:\/\/www.signumvarainhoito.fi\/en\/wp-json\/wp\/v2\/media?parent=71"}],"curies":[{"name":"wp","href":"https:\/\/api.w.org\/{rel}","templated":true}]}}